{"id":63,"date":"2018-06-12T12:20:32","date_gmt":"2018-06-12T18:20:32","guid":{"rendered":"http:\/\/udlondres.com\/servicios_udl\/preparatoria\/?page_id=63"},"modified":"2025-11-07T11:51:51","modified_gmt":"2025-11-07T17:51:51","slug":"guiasciclo2019-2020","status":"publish","type":"page","link":"https:\/\/udlondres.com\/servicios_udl\/preparatoria\/guiasciclo2019-2020\/","title":{"rendered":"Gu\u00edas para ex\u00e1menes finales y extraordinarios &#8211; PROGRAMAS ACTUALIZADOS"},"content":{"rendered":"<p>[et_pb_section fb_built=&#8221;1&#8243; fullwidth=&#8221;on&#8221; _builder_version=&#8221;4.16&#8243; global_colors_info=&#8221;{}&#8221;][et_pb_fullwidth_slider show_arrows=&#8221;off&#8221; show_pagination=&#8221;off&#8221; _builder_version=&#8221;4.16&#8243; global_colors_info=&#8221;{}&#8221; button_text_size__hover_enabled=&#8221;off&#8221; button_one_text_size__hover_enabled=&#8221;off&#8221; button_two_text_size__hover_enabled=&#8221;off&#8221; button_text_color__hover_enabled=&#8221;off&#8221; button_one_text_color__hover_enabled=&#8221;off&#8221; button_two_text_color__hover_enabled=&#8221;off&#8221; button_border_width__hover_enabled=&#8221;off&#8221; button_one_border_width__hover_enabled=&#8221;off&#8221; button_two_border_width__hover_enabled=&#8221;off&#8221; button_border_color__hover_enabled=&#8221;off&#8221; button_one_border_color__hover_enabled=&#8221;off&#8221; button_two_border_color__hover_enabled=&#8221;off&#8221; button_border_radius__hover_enabled=&#8221;off&#8221; button_one_border_radius__hover_enabled=&#8221;off&#8221; button_two_border_radius__hover_enabled=&#8221;off&#8221; button_letter_spacing__hover_enabled=&#8221;off&#8221; button_one_letter_spacing__hover_enabled=&#8221;off&#8221; button_two_letter_spacing__hover_enabled=&#8221;off&#8221; button_bg_color__hover_enabled=&#8221;off&#8221; button_one_bg_color__hover_enabled=&#8221;off&#8221; button_two_bg_color__hover_enabled=&#8221;off&#8221;][et_pb_slide heading=&#8221;Gu\u00edas de estudio Programas actualizados&#8221; use_bg_overlay=&#8221;off&#8221; use_text_overlay=&#8221;off&#8221; _builder_version=&#8221;4.16&#8243; background_color=&#8221;#0a079e&#8221; background_image=&#8221;https:\/\/udlondres.com\/servicios_udl\/preparatoria\/wp-content\/uploads\/2018\/06\/prepafondo_figuras.png&#8221; button_on_hover=&#8221;on&#8221; global_colors_info=&#8221;{}&#8221; button_text_size__hover_enabled=&#8221;off&#8221; button_one_text_size__hover_enabled=&#8221;off&#8221; button_two_text_size__hover_enabled=&#8221;off&#8221; button_text_color__hover_enabled=&#8221;off&#8221; button_one_text_color__hover_enabled=&#8221;off&#8221; button_two_text_color__hover_enabled=&#8221;off&#8221; button_border_width__hover_enabled=&#8221;off&#8221; button_one_border_width__hover_enabled=&#8221;off&#8221; button_two_border_width__hover_enabled=&#8221;off&#8221; button_border_color__hover_enabled=&#8221;off&#8221; button_one_border_color__hover_enabled=&#8221;off&#8221; button_two_border_color__hover_enabled=&#8221;off&#8221; button_border_radius__hover_enabled=&#8221;off&#8221; button_one_border_radius__hover_enabled=&#8221;off&#8221; button_two_border_radius__hover_enabled=&#8221;off&#8221; button_letter_spacing__hover_enabled=&#8221;off&#8221; button_one_letter_spacing__hover_enabled=&#8221;off&#8221; button_two_letter_spacing__hover_enabled=&#8221;off&#8221; button_bg_color__hover_enabled=&#8221;off&#8221; button_one_bg_color__hover_enabled=&#8221;off&#8221; button_two_bg_color__hover_enabled=&#8221;off&#8221; sticky_transition=&#8221;on&#8221;][\/et_pb_slide][\/et_pb_fullwidth_slider][\/et_pb_section][et_pb_section fb_built=&#8221;1&#8243; _builder_version=&#8221;4.16&#8243; global_colors_info=&#8221;{}&#8221;][et_pb_row _builder_version=&#8221;4.16&#8243; background_size=&#8221;initial&#8221; background_position=&#8221;top_left&#8221; background_repeat=&#8221;repeat&#8221; global_colors_info=&#8221;{}&#8221;][et_pb_column type=&#8221;4_4&#8243; _builder_version=&#8221;4.16&#8243; custom_padding=&#8221;|||&#8221; global_colors_info=&#8221;{}&#8221; custom_padding__hover=&#8221;|||&#8221;][et_pb_tabs active_tab_background_color=&#8221;#25346c&#8221; inactive_tab_background_color=&#8221;#cd152b&#8221; _builder_version=&#8221;4.21.0&#8243; tab_text_color=&#8221;#ffffff&#8221; hover_enabled=&#8221;0&#8243; global_colors_info=&#8221;{}&#8221; sticky_enabled=&#8221;0&#8243;][et_pb_tab title=&#8221;4\u00b0 Grado&#8221; _builder_version=&#8221;4.21.0&#8243; global_colors_info=&#8221;{}&#8221;]<\/p>\n<p><a href=\"https:\/\/udlondres.com\/servicios_udl\/preparatoria\/wp-content\/uploads\/2021\/06\/DIBUJO.pdf\">DIBUJO<\/a><\/p>\n<p><a href=\"https:\/\/udlondres.com\/servicios_udl\/preparatoria\/wp-content\/uploads\/2021\/06\/INGL\u00c9S-IV-.doc\">INGL\u00c9S IV<\/a><\/p>\n<p><a href=\"https:\/\/udlondres.com\/servicios_udl\/preparatoria\/wp-content\/uploads\/2021\/06\/L\u00d3GICA.pdf\">L\u00d3GICA<\/a><\/p>\n<p>ED. EST\u00c9TICA Y ART\u00cdSTICA IV<\/p>\n<p><a href=\"https:\/\/udlondres.com\/servicios_udl\/preparatoria\/wp-content\/uploads\/2021\/06\/EDUCACI\u00cdN-F\u00cdSICA-IV.pdf\">ED. F\u00cdSICA IV<\/a><\/p>\n<p><a href=\"https:\/\/udlondres.com\/servicios_udl\/preparatoria\/wp-content\/uploads\/2021\/06\/F\u00cdSICA-III-.pdf\">F\u00cdSICA III<\/a><\/p>\n<p><a href=\"https:\/\/udlondres.com\/servicios_udl\/preparatoria\/wp-content\/uploads\/2023\/12\/Guia-final-extraordinario-de-Lengua-Espanola-23-24.docx\">LENGUA ESPA\u00d1OLA<\/a><\/p>\n<p><a href=\"https:\/\/udlondres.com\/servicios_udl\/preparatoria\/wp-content\/uploads\/2021\/06\/MATEM\u00c1TICAS-IV.docx\">MATEM\u00c1TICAS IV<\/a><\/p>\n<p><a href=\"https:\/\/udlondres.com\/servicios_udl\/preparatoria\/wp-content\/uploads\/2021\/06\/HIST.-UNIVERSAL.pdf\">HISTORIA UNIVERSAL<\/a><\/p>\n<p><a href=\"https:\/\/udlondres.com\/servicios_udl\/preparatoria\/wp-content\/uploads\/2021\/06\/GEOGRAF\u00cdA_.docx\">GEOGRAF\u00cdA<\/a><\/p>\n<p><a href=\"https:\/\/udlondres.com\/servicios_udl\/preparatoria\/wp-content\/uploads\/2021\/06\/INFORM\u00c1TICA.pdf\">INFORM\u00c1TICA<\/a><\/p>\n<p><a href=\"https:\/\/udlondres.com\/servicios_udl\/preparatoria\/wp-content\/uploads\/2021\/06\/ORIENTACI\u00d3N-EDUCATIVA-IV.pdf\">ORIENTACI\u00d3N IV<\/a><\/p>\n<p>[\/et_pb_tab][et_pb_tab title=&#8221;5\u00b0 Grado&#8221; _builder_version=&#8221;4.21.0&#8243; hover_enabled=&#8221;0&#8243; global_colors_info=&#8221;{}&#8221; sticky_enabled=&#8221;0&#8243;]<\/p>\n<p><a href=\"https:\/\/udlondres.com\/servicios_udl\/preparatoria\/wp-content\/uploads\/2021\/06\/EDUCACION-PARA-LA-SALUD.pdf\">ED.PARA LA SALUD<\/a><\/p>\n<p><a href=\"https:\/\/udlondres.com\/servicios_udl\/preparatoria\/wp-content\/uploads\/2021\/06\/INGL\u00c9S-V.pdf\">INGL\u00c9S V<\/a><\/p>\n<p><a href=\"https:\/\/udlondres.com\/servicios_udl\/preparatoria\/wp-content\/uploads\/2021\/06\/\u00c9TICA.docx\">\u00c9TICA<\/a><\/p>\n<p><a href=\"https:\/\/udlondres.com\/servicios_udl\/preparatoria\/wp-content\/uploads\/2022\/11\/Gui\u0301a-Extraordinario-Teatro-V.docx\">ED. EST\u00c9TICA Y ART\u00cdSTICA V<\/a><\/p>\n<p><a href=\"https:\/\/udlondres.com\/servicios_udl\/preparatoria\/wp-content\/uploads\/2021\/06\/EDUCACI\u00d3N-F\u00cdSICA-V.pdf\">ED. F\u00cdSICA V<\/a><\/p>\n<p><a href=\"https:\/\/udlondres.com\/servicios_udl\/preparatoria\/wp-content\/uploads\/2021\/06\/QU\u00cdMICA-III.doc\">QU\u00cdMICA III<\/a><\/p>\n<p><a href=\"https:\/\/udlondres.com\/servicios_udl\/preparatoria\/wp-content\/uploads\/2021\/06\/LITERATURA-UNIVERSAL.pdf\">LITERATURA UNIVERSAL<\/a><\/p>\n<p><a href=\"https:\/\/udlondres.com\/servicios_udl\/preparatoria\/wp-content\/uploads\/2025\/11\/MATEMATICAS-V.pdf\">MATEM\u00c1TICAS V<\/a><\/p>\n<p><a href=\"https:\/\/udlondres.com\/servicios_udl\/preparatoria\/wp-content\/uploads\/2021\/06\/HISTRIA-DE-MEXICO.pdf\">HISTORIA DE M\u00c9XICO<\/a><\/p>\n<p><a href=\"https:\/\/udlondres.com\/servicios_udl\/preparatoria\/wp-content\/uploads\/2021\/06\/ETIMOLOG\u00cdAS.pdf\">ETIMOLOG\u00cdAS<\/a><\/p>\n<p><a href=\"https:\/\/udlondres.com\/servicios_udl\/preparatoria\/wp-content\/uploads\/2023\/06\/Guia-para-Examen-Final-Biologi\u0301a-IV.pdf\">BIOLOG\u00cdA IV<\/a><\/p>\n<p><a href=\"https:\/\/udlondres.com\/servicios_udl\/preparatoria\/wp-content\/uploads\/2021\/06\/ORIENTACI\u00d3N-EDUCATIVA-V.docx\">ORIENTACI\u00d3N V<\/a><\/p>\n<p>[\/et_pb_tab][et_pb_tab title=&#8221;6\u00b0 Grado Tronco Com\u00fan&#8221; _builder_version=&#8221;4.16&#8243; global_colors_info=&#8221;{}&#8221;]<a href=\"https:\/\/udlondres.com\/servicios_udl\/preparatoria\/wp-content\/uploads\/2021\/06\/Gui\u0301a-para-finales-y-extra-Derecho.pdf\">DERECHO<\/a><\/p>\n<p><a href=\"https:\/\/udlondres.com\/servicios_udl\/preparatoria\/wp-content\/uploads\/2021\/06\/GUI\u0301A-FFE-INGLE\u0301S-VI-2021-PROGRAMA-ACTUALIZADO.doc\">INGL\u00c9S VI<\/a><\/p>\n<p><a href=\"https:\/\/udlondres.com\/servicios_udl\/preparatoria\/wp-content\/uploads\/2022\/04\/Gu\u00eda-de-estudio-para-ex\u00e1menes-finales-y-extraordinarios-del-ciclo-21-final-PLAN-ACTUAL-.pdf\">PSICOLOG\u00cdA<\/a><\/p>\n<p><a href=\"https:\/\/udlondres.com\/servicios_udl\/preparatoria\/wp-content\/uploads\/2021\/06\/LITE.-MEXICANA-E-IBERO.docx\">LITERATURA MEXICANA<\/a><\/p>\n<p>&nbsp;<\/p>\n<p>&nbsp;<br \/>\n[\/et_pb_tab][et_pb_tab title=&#8221;6\u00b0 Grado \u00c1rea I&#8221; _builder_version=&#8221;4.16&#8243; global_colors_info=&#8221;{}&#8221;]<a href=\"https:\/\/udlondres.com\/servicios_udl\/preparatoria\/wp-content\/uploads\/2021\/06\/Gui\u0301a-de-Estadi\u0301stica-y-Probabilidad.doc\">ESTAD\u00cdSTICA Y PROBABILIDAD<\/a><\/p>\n<p><a href=\"https:\/\/udlondres.com\/servicios_udl\/preparatoria\/wp-content\/uploads\/2021\/06\/Gui\u0301a-Mate-VI-A-1.pdf\">MATEM\u00c1TICAS AI<\/a><\/p>\n<p><a href=\"https:\/\/udlondres.com\/servicios_udl\/preparatoria\/wp-content\/uploads\/2021\/06\/fi\u0301sica-IV-AI-jgmt.docx\">F\u00cdSICA IV AI<\/a><\/p>\n<p><a href=\"https:\/\/udlondres.com\/servicios_udl\/preparatoria\/wp-content\/uploads\/2021\/06\/guia-examen-final-quimica-IV-A-I.doc\">QU\u00cdMICA IV AI<\/a><\/p>\n<p><a href=\"https:\/\/udlondres.com\/servicios_udl\/preparatoria\/wp-content\/uploads\/2021\/06\/Gui\u0301aFinalDibConstII-2020-2021_SR-3.pdf\">DIBUJO CONSTRUCTIVO<\/a><\/p>\n<p>&nbsp;<br \/>\n[\/et_pb_tab][et_pb_tab title=&#8221;6\u00b0 Grado \u00c1rea II&#8221; _builder_version=&#8221;4.16&#8243; global_colors_info=&#8221;{}&#8221;]<a href=\"https:\/\/udlondres.com\/servicios_udl\/preparatoria\/wp-content\/uploads\/2023\/06\/Guia-para-Examen-Final-Biologi\u0301a-V.pdf\">BIOLOG\u00cdA V<\/a><\/p>\n<p><a href=\"https:\/\/udlondres.com\/servicios_udl\/preparatoria\/wp-content\/uploads\/2021\/06\/fi\u0301sica-IV-AIIjgmt.docx\">F\u00cdSICA IV A II<\/a><\/p>\n<p><a href=\"https:\/\/udlondres.com\/servicios_udl\/preparatoria\/wp-content\/uploads\/2021\/06\/Gui\u0301a-Mate-VI-A-2.pdf\">MATEM\u00c1TICAS AII<\/a><\/p>\n<p><a href=\"https:\/\/udlondres.com\/servicios_udl\/preparatoria\/wp-content\/uploads\/2021\/06\/guia-examen-final-quimica-IV-A-II.doc\">QU\u00cdMICA IV AII<\/a><\/p>\n<p><a href=\"https:\/\/udlondres.com\/servicios_udl\/preparatoria\/wp-content\/uploads\/2021\/06\/Gui\u0301a-de-Estadi\u0301stica-y-Probabilidad.doc\">ESTAD\u00cdSTICA Y PROBABILIDAD<\/a><\/p>\n<p>&nbsp;<\/p>\n<p>&nbsp;<br \/>\n[\/et_pb_tab][et_pb_tab title=&#8221;6\u00b0 Grado \u00c1REA III&#8221; _builder_version=&#8221;4.16&#8243; global_colors_info=&#8221;{}&#8221;]<a href=\"https:\/\/udlondres.com\/servicios_udl\/preparatoria\/wp-content\/uploads\/2021\/06\/guia-ffinal-programa-nuevo-CONTA-20-21.docx\">CONTABILIDAD Y GESTI\u00d3N ADMINISTRATIVA<\/a><\/p>\n<p><a href=\"https:\/\/udlondres.com\/servicios_udl\/preparatoria\/wp-content\/uploads\/2021\/06\/guia-final-de-ICSE-2021-programa-nuevo..docx\">ICSE<\/a><\/p>\n<p><a href=\"https:\/\/udlondres.com\/servicios_udl\/preparatoria\/wp-content\/uploads\/2021\/06\/Gui\u0301a-problemas.docx\">PROBLEMAS SOC. POL. Y ECON. DE M\u00c9XICO<\/a><\/p>\n<p><a href=\"https:\/\/udlondres.com\/servicios_udl\/preparatoria\/wp-content\/uploads\/2021\/06\/Geografi\u0301a-Econo\u0301mica-Extra-ACTUAL.docx\">GEOGRAF\u00cdA ECON\u00d3MICA<\/a><\/p>\n<p><a href=\"https:\/\/udlondres.com\/servicios_udl\/preparatoria\/wp-content\/uploads\/2021\/06\/Gui\u0301a-de-Estadi\u0301stica-y-Probabilidad.doc\">ESTAD\u00cdSTICA Y PROBABILIDAD<\/a><\/p>\n<p>&nbsp;<br \/>\n[\/et_pb_tab][et_pb_tab title=&#8221;6\u00b0 Grado \u00c1rea IV&#8221; _builder_version=&#8221;4.21.0&#8243; global_colors_info=&#8221;{}&#8221;]<\/p>\n<p><a href=\"https:\/\/udlondres.com\/servicios_udl\/preparatoria\/wp-content\/uploads\/2025\/11\/GUI\u0301A-DE-EXTRAORDINARIO-Historia-de-las-Doctrinas-Filosofi\u0301cas.pdf\">HISTORIA DE LAS DOC. FILOS\u00d3FICAS<\/a><\/p>\n<p><a href=\"https:\/\/udlondres.com\/servicios_udl\/preparatoria\/wp-content\/uploads\/2021\/06\/HISTORIA-DEL-ARTE-ACTUAL.pdf\">HISTORIA DEL ARTE<\/a><\/p>\n<p><a href=\"https:\/\/udlondres.com\/servicios_udl\/preparatoria\/wp-content\/uploads\/2021\/06\/HISTORIA-DE-LA-CULTURA-ACTUAL.docx\">HISTORIA DE LA CULTURA<\/a><\/p>\n<p><a href=\"https:\/\/udlondres.com\/servicios_udl\/preparatoria\/wp-content\/uploads\/2021\/06\/06-UDL-Gui\u0301a-CoVi-II-Finales-2020-2021-SR.pdf\">COMUNICACI\u00d3N VISUAL<\/a><\/p>\n<p><a href=\"https:\/\/udlondres.com\/servicios_udl\/preparatoria\/wp-content\/uploads\/2021\/06\/guia-final-de-ICSE-2021-programa-nuevo..docx\">ICSE<\/a><\/p>\n<p>&nbsp;<\/p>\n<p>[\/et_pb_tab][\/et_pb_tabs][\/et_pb_column][\/et_pb_row][\/et_pb_section]<\/p>\n","protected":false},"excerpt":{"rendered":"<p>DIBUJO INGL\u00c9S IV L\u00d3GICA ED. EST\u00c9TICA Y ART\u00cdSTICA IV ED. F\u00cdSICA IV F\u00cdSICA III LENGUA ESPA\u00d1OLA MATEM\u00c1TICAS IV HISTORIA UNIVERSAL GEOGRAF\u00cdA INFORM\u00c1TICA ORIENTACI\u00d3N IVED.PARA LA SALUD INGL\u00c9S V \u00c9TICA ED. EST\u00c9TICA Y ART\u00cdSTICA V ED. F\u00cdSICA V QU\u00cdMICA III LITERATURA UNIVERSAL MATEM\u00c1TICAS V HISTORIA DE M\u00c9XICO ETIMOLOG\u00cdAS BIOLOG\u00cdA IV ORIENTACI\u00d3N VDERECHO INGL\u00c9S VI PSICOLOG\u00cdA LITERATURA [&hellip;]<\/p>\n","protected":false},"author":1,"featured_media":0,"parent":0,"menu_order":0,"comment_status":"closed","ping_status":"closed","template":"","meta":{"_et_pb_use_builder":"on","_et_pb_old_content":"","_et_gb_content_width":""},"_links":{"self":[{"href":"https:\/\/udlondres.com\/servicios_udl\/preparatoria\/wp-json\/wp\/v2\/pages\/63"}],"collection":[{"href":"https:\/\/udlondres.com\/servicios_udl\/preparatoria\/wp-json\/wp\/v2\/pages"}],"about":[{"href":"https:\/\/udlondres.com\/servicios_udl\/preparatoria\/wp-json\/wp\/v2\/types\/page"}],"author":[{"embeddable":true,"href":"https:\/\/udlondres.com\/servicios_udl\/preparatoria\/wp-json\/wp\/v2\/users\/1"}],"replies":[{"embeddable":true,"href":"https:\/\/udlondres.com\/servicios_udl\/preparatoria\/wp-json\/wp\/v2\/comments?post=63"}],"version-history":[{"count":147,"href":"https:\/\/udlondres.com\/servicios_udl\/preparatoria\/wp-json\/wp\/v2\/pages\/63\/revisions"}],"predecessor-version":[{"id":3414,"href":"https:\/\/udlondres.com\/servicios_udl\/preparatoria\/wp-json\/wp\/v2\/pages\/63\/revisions\/3414"}],"wp:attachment":[{"href":"https:\/\/udlondres.com\/servicios_udl\/preparatoria\/wp-json\/wp\/v2\/media?parent=63"}],"curies":[{"name":"wp","href":"https:\/\/api.w.org\/{rel}","templated":true}]}}