{"id":41,"date":"2018-06-11T20:25:10","date_gmt":"2018-06-12T02:25:10","guid":{"rendered":"http:\/\/udlondres.com\/servicios_udl\/preparatoria\/?page_id=41"},"modified":"2026-04-16T15:13:51","modified_gmt":"2026-04-16T21:13:51","slug":"planestudios","status":"publish","type":"page","link":"https:\/\/udlondres.com\/servicios_udl\/preparatoria\/planestudios\/","title":{"rendered":"Plan de estudios"},"content":{"rendered":"<p>[et_pb_section fb_built=&#8221;1&#8243; fullwidth=&#8221;on&#8221; _builder_version=&#8221;4.16&#8243; global_colors_info=&#8221;{}&#8221;][et_pb_fullwidth_slider show_arrows=&#8221;off&#8221; show_pagination=&#8221;off&#8221; _builder_version=&#8221;4.21.0&#8243; hover_enabled=&#8221;0&#8243; global_colors_info=&#8221;{}&#8221; button_text_size__hover_enabled=&#8221;off&#8221; button_one_text_size__hover_enabled=&#8221;off&#8221; button_two_text_size__hover_enabled=&#8221;off&#8221; button_text_color__hover_enabled=&#8221;off&#8221; button_one_text_color__hover_enabled=&#8221;off&#8221; button_two_text_color__hover_enabled=&#8221;off&#8221; button_border_width__hover_enabled=&#8221;off&#8221; button_one_border_width__hover_enabled=&#8221;off&#8221; button_two_border_width__hover_enabled=&#8221;off&#8221; button_border_color__hover_enabled=&#8221;off&#8221; button_one_border_color__hover_enabled=&#8221;off&#8221; button_two_border_color__hover_enabled=&#8221;off&#8221; button_border_radius__hover_enabled=&#8221;off&#8221; button_one_border_radius__hover_enabled=&#8221;off&#8221; button_two_border_radius__hover_enabled=&#8221;off&#8221; button_letter_spacing__hover_enabled=&#8221;off&#8221; button_one_letter_spacing__hover_enabled=&#8221;off&#8221; button_two_letter_spacing__hover_enabled=&#8221;off&#8221; button_bg_color__hover_enabled=&#8221;off&#8221; button_one_bg_color__hover_enabled=&#8221;off&#8221; button_two_bg_color__hover_enabled=&#8221;off&#8221; sticky_enabled=&#8221;0&#8243;][et_pb_slide heading=&#8221;Plan de estudios&#8221; use_bg_overlay=&#8221;off&#8221; use_text_overlay=&#8221;off&#8221; _builder_version=&#8221;4.16&#8243; background_color=&#8221;#0a079e&#8221; background_image=&#8221;https:\/\/udlondres.com\/servicios_udl\/preparatoria\/wp-content\/uploads\/2018\/06\/prepafondo_figuras.png&#8221; button_on_hover=&#8221;on&#8221; global_colors_info=&#8221;{}&#8221; button_text_size__hover_enabled=&#8221;off&#8221; button_one_text_size__hover_enabled=&#8221;off&#8221; button_two_text_size__hover_enabled=&#8221;off&#8221; button_text_color__hover_enabled=&#8221;off&#8221; button_one_text_color__hover_enabled=&#8221;off&#8221; button_two_text_color__hover_enabled=&#8221;off&#8221; button_border_width__hover_enabled=&#8221;off&#8221; button_one_border_width__hover_enabled=&#8221;off&#8221; button_two_border_width__hover_enabled=&#8221;off&#8221; button_border_color__hover_enabled=&#8221;off&#8221; button_one_border_color__hover_enabled=&#8221;off&#8221; button_two_border_color__hover_enabled=&#8221;off&#8221; button_border_radius__hover_enabled=&#8221;off&#8221; button_one_border_radius__hover_enabled=&#8221;off&#8221; button_two_border_radius__hover_enabled=&#8221;off&#8221; button_letter_spacing__hover_enabled=&#8221;off&#8221; button_one_letter_spacing__hover_enabled=&#8221;off&#8221; button_two_letter_spacing__hover_enabled=&#8221;off&#8221; button_bg_color__hover_enabled=&#8221;off&#8221; button_one_bg_color__hover_enabled=&#8221;off&#8221; button_two_bg_color__hover_enabled=&#8221;off&#8221; sticky_transition=&#8221;on&#8221;][\/et_pb_slide][\/et_pb_fullwidth_slider][\/et_pb_section][et_pb_section fb_built=&#8221;1&#8243; _builder_version=&#8221;4.21.0&#8243; hover_enabled=&#8221;0&#8243; global_colors_info=&#8221;{}&#8221; sticky_enabled=&#8221;0&#8243;][et_pb_row _builder_version=&#8221;4.21.0&#8243; background_size=&#8221;initial&#8221; background_position=&#8221;top_left&#8221; background_repeat=&#8221;repeat&#8221; hover_enabled=&#8221;0&#8243; global_colors_info=&#8221;{}&#8221; sticky_enabled=&#8221;0&#8243;][et_pb_column type=&#8221;4_4&#8243; _builder_version=&#8221;4.16&#8243; custom_padding=&#8221;|||&#8221; global_colors_info=&#8221;{}&#8221; custom_padding__hover=&#8221;|||&#8221;][et_pb_tabs active_tab_background_color=&#8221;#25346c&#8221; inactive_tab_background_color=&#8221;#cd152b&#8221; _builder_version=&#8221;4.21.0&#8243; tab_text_color=&#8221;#ffffff&#8221; hover_enabled=&#8221;0&#8243; global_colors_info=&#8221;{}&#8221; sticky_enabled=&#8221;0&#8243;][et_pb_tab title=&#8221;4\u00b0 Grado&#8221; _builder_version=&#8221;4.21.0&#8243; hover_enabled=&#8221;0&#8243; global_colors_info=&#8221;{}&#8221; sticky_enabled=&#8221;0&#8243;]<\/p>\n<p><a href='https:\/\/www.dgire.unam.mx\/contenido\/normatividad\/enp\/plan_estudios_enp\/1400.pdf' class='big-button bigblue' target=\"_blank\">Matem\u00e1ticas IV<\/a><a href='#' class='big-button bigblue' target=\"_blank\">F\u00edsica III<\/a><a href='https:\/\/www.dgire.unam.mx\/contenido\/normatividad\/enp\/plan_estudios_enp\/1402.pdf' class='big-button bigblue' target=\"_blank\">Lengua Espa\u00f1ola<\/a><a href='#' class='big-button bigblue' target=\"_blank\">Historia Universal<\/a><a href='https:\/\/www.dgire.unam.mx\/contenido\/normatividad\/enp\/plan_estudios_enp\/1404.pdf' class='big-button bigblue' target=\"_blank\">L\u00f3gica<\/a><a href='https:\/\/www.dgire.unam.mx\/contenido\/normatividad\/enp\/plan_estudios_enp\/1405.pdf' class='big-button bigblue' target=\"_blank\">Geograf\u00eda<\/a><a href='#' class='big-button bigblue' target=\"_blank\">Educaci\u00f3n Est\u00e9tica y Art\u00edstica IV<\/a><a href='https:\/\/www.dgire.unam.mx\/contenido\/normatividad\/enp\/plan_estudios_enp\/1410.pdf' class='big-button bigblue' target=\"_blank\">Educaci\u00f3n F\u00edsica IV<\/a><a href='https:\/\/www.dgire.unam.mx\/contenido\/normatividad\/enp\/plan_estudios_enp\/1411.pdf' class='big-button bigblue' target=\"_blank\">Orientaci\u00f3n Educativa IV<\/a><a href='https:\/\/www.dgire.unam.mx\/contenido\/normatividad\/enp\/plan_estudios_enp\/1412.pdf' class='big-button bigblue' target=\"_blank\">Inform\u00e1tica<\/a><a href='https:\/\/www.dgire.unam.mx\/contenido\/normatividad\/enp\/plan_estudios_enp\/1407.pdf' class='big-button bigblue' target=\"_blank\">Ingl\u00e9s IV<\/a><a href='#' class='big-button bigblue' target=\"_blank\">Certificaciones I (extracurricular)<\/a> <a href='' class='big-button bigblue'>Link text<\/a> <a href='https:\/\/udlondres.com\/servicios_udl\/preparatoria\/wp-content\/uploads\/2026\/04\/1406-Dibujo-II.pdf' class='big-button bigblue' target=\"_blank\">Dibujo II<\/a> <a href='https:\/\/udlondres.com\/servicios_udl\/preparatoria\/wp-content\/uploads\/2026\/04\/enp-asignatura-genero-8000.pdf' class='big-button bigblue' target=\"_blank\">G\u00e9nero<\/a> \u00a0<\/p>\n<p>[\/et_pb_tab][et_pb_tab title=&#8221;5\u00b0 Grado&#8221; _builder_version=&#8221;4.16&#8243; global_colors_info=&#8221;{}&#8221;] <a href='https:\/\/www.dgire.unam.mx\/contenido\/normatividad\/enp\/prog_indicativos\/5o\/1500.pdf' class='big-button bigblue' target=\"_blank\">Matem\u00e1ticas V<\/a><a href='https:\/\/www.dgire.unam.mx\/contenido\/normatividad\/enp\/prog_indicativos\/5o\/1501.pdf' class='big-button bigblue' target=\"_blank\">Qu\u00edmica III<\/a><a href='https:\/\/www.dgire.unam.mx\/contenido\/normatividad\/enp\/prog_indicativos\/5o\/1502.pdf' class='big-button bigblue' target=\"_blank\">Biolog\u00eda<b>\u00a0<\/b><\/a><a href='https:\/\/www.dgire.unam.mx\/contenido\/normatividad\/enp\/prog_indicativos\/5o\/1503.pdf' class='big-button bigblue' target=\"_blank\">Educaci\u00f3n para la salud\u00a0<\/a><a href='https:\/\/www.dgire.unam.mx\/contenido\/normatividad\/enp\/prog_indicativos\/5o\/1504.pdf' class='big-button bigblue' target=\"_blank\">Historia de M\u00e9xico<\/a><a href='https:\/\/www.dgire.unam.mx\/contenido\/normatividad\/enp\/prog_indicativos\/5o\/1505.pdf' class='big-button bigblue' target=\"_blank\">Etimolog\u00edas grecolatinas<\/a><a href='https:\/\/www.dgire.unam.mx\/contenido\/normatividad\/enp\/prog_indicativos\/5o\/1512.pdf' class='big-button bigblue' target=\"_blank\">\u00c9tica<\/a><a href='https:\/\/www.dgire.unam.mx\/contenido\/normatividad\/enp\/prog_indicativos\/5o\/1513.pdf' class='big-button bigblue' target=\"_blank\">Educaci\u00f3n F\u00edsica IV<\/a><a href='#' class='big-button bigblue' target=\"_blank\">Educaci\u00f3n est\u00e9tica y art\u00edstica V<\/a><a href='https:\/\/www.dgire.unam.mx\/contenido\/normatividad\/enp\/prog_indicativos\/5o\/1515.pdf' class='big-button bigblue' target=\"_blank\">Orientaci\u00f3n educativa V\u00a0<\/a><a href='https:\/\/www.dgire.unam.mx\/contenido\/normatividad\/enp\/prog_indicativos\/5o\/1516.pdf' class='big-button bigblue' target=\"_blank\">Literatura universal<\/a><a href='https:\/\/www.dgire.unam.mx\/contenido\/normatividad\/enp\/prog_indicativos\/5o\/1506.pdf' class='big-button bigblue' target=\"_blank\">Ingl\u00e9s V<\/a><a href='#' class='big-button bigblue' target=\"_blank\">Certificaciones II (extracurricular)<\/a> [\/et_pb_tab][et_pb_tab title=&#8221;6\u00b0 Grado&#8221; _builder_version=&#8221;4.21.0&#8243; hover_enabled=&#8221;0&#8243; global_colors_info=&#8221;{}&#8221; sticky_enabled=&#8221;0&#8243;]<\/p>\n<p><a href='https:\/\/www.dgire.unam.mx\/contenido\/normatividad\/enp\/prog_indicativos\/6o\/I\/1609.pdf' class='big-button bigblue' target=\"_blank\">Psicolog\u00eda<\/a><a href='https:\/\/www.dgire.unam.mx\/contenido\/normatividad\/enp\/prog_indicativos\/6o\/I\/1601.pdf' class='big-button bigblue' target=\"_blank\">Derecho<\/a><a href='https:\/\/www.dgire.unam.mx\/contenido\/normatividad\/enp\/prog_indicativos\/6o\/I\/1602.pdf' class='big-button bigblue' target=\"_blank\">Literatura Mexicana e Iberoamericana<\/a><a href='https:\/\/www.dgire.unam.mx\/contenido\/normatividad\/enp\/prog_indicativos\/6o\/I\/1601.pdf' class='big-button bigblue' target=\"_blank\">Ingl\u00e9s Vl<\/a><a href='https:\/\/www.dgire.unam.mx\/contenido\/normatividad\/enp\/prog_indicativos\/6o\/I\/1601.pdf' class='big-button bigblue' target=\"_blank\">Derecho<\/a><a href='https:\/\/dgenp.unam.mx\/planesdeestudio\/sexto\/1600.pdf' class='big-button bigblue' target=\"_blank\">Matem\u00e1ticas Vl\u00a0 \u00e1rea I y II<\/a><a href='https:\/\/www.dgire.unam.mx\/contenido\/normatividad\/enp\/prog_indicativos\/6o\/III\/1619.pdf' class='big-button bigblue' target=\"_blank\">Matem\u00e1ticas Vl\u00a0 \u00e1rea Ill<\/a><a href='https:\/\/www.dgire.unam.mx\/contenido\/normatividad\/enp\/prog_indicativos\/6o\/IV\/1620.pdf' class='big-button bigblue' target=\"_blank\">Matem\u00e1ticas Vl\u00a0 \u00e1rea IV<\/a><\/p>\n<h4><strong>\u00c1rea l<\/strong><\/h4>\n<p><a href='https:\/\/www.dgire.unam.mx\/contenido\/normatividad\/enp\/prog_indicativos\/6o\/I\/1611.pdf' class='big-button bigblue' target=\"_blank\">F\u00edsica lV<\/a><a href='https:\/\/www.dgire.unam.mx\/contenido\/normatividad\/enp\/prog_indicativos\/6o\/I\/1610.pdf' class='big-button bigblue' target=\"_blank\">Dibujo Constructivo ll<\/a><a href='https:\/\/www.dgire.unam.mx\/contenido\/normatividad\/enp\/prog_indicativos\/6o\/II\/1622.pdf' class='big-button bigblue' target=\"_blank\">Qu\u00edmica lV<\/a><a href='https:\/\/www.dgire.unam.mx\/contenido\/normatividad\/enp\/prog_indicativos\/6o\/II\/1712.pdf' class='big-button bigblue' target=\"_blank\">Estad\u00edstica y Probabilidad<\/a><\/p>\n<h4><strong>\u00c1rea ll<\/strong><\/h4>\n<p><a href='https:\/\/www.dgire.unam.mx\/contenido\/normatividad\/enp\/prog_indicativos\/6o\/II\/1613.pdf' class='big-button bigblue' target=\"_blank\">Biolog\u00eda V<\/a><a href='https:\/\/www.dgire.unam.mx\/contenido\/normatividad\/enp\/prog_indicativos\/6o\/II\/1621.pdf' class='big-button bigblue' target=\"_blank\">F\u00edsica lV<\/a><a href='https:\/\/www.dgire.unam.mx\/contenido\/normatividad\/enp\/prog_indicativos\/6o\/II\/1622.pdf' class='big-button bigblue' target=\"_blank\">Qu\u00edmica lV<\/a><a href='https:\/\/www.dgire.unam.mx\/contenido\/normatividad\/enp\/prog_indicativos\/6o\/II\/1712.pdf' class='big-button bigblue' target=\"_blank\">\u00a0Estad\u00edstica y Probabilidad<\/a><\/p>\n<h4><strong>\u00c1rea lll<\/strong><\/h4>\n<p><a href='https:\/\/www.dgire.unam.mx\/contenido\/normatividad\/enp\/prog_indicativos\/6o\/III\/1614.pdf' class='big-button bigblue' target=\"_blank\">Geograf\u00eda Econ\u00f3mica<\/a><a href='https:\/\/www.dgire.unam.mx\/contenido\/normatividad\/enp\/prog_indicativos\/6o\/III\/1615.pdf' class='big-button bigblue' target=\"_blank\">Int. al Estudio de las Ciencias Sociales y Econ\u00f3micas<\/a><a href='https:\/\/www.dgire.unam.mx\/contenido\/normatividad\/enp\/prog_indicativos\/6o\/III\/1616.pdf' class='big-button bigblue' target=\"_blank\">Problemas Sociales , Pol\u00edticos y Econ\u00f3micos de M\u00e9xico<\/a><a href='https:\/\/www.dgire.unam.mx\/contenido\/normatividad\/enp\/prog_indicativos\/6o\/III\/1704.pdf' class='big-button bigblue' target=\"_blank\">Contabilidad y Gestor\u00eda Admva.<\/a><a href='https:\/\/www.dgire.unam.mx\/contenido\/normatividad\/enp\/prog_indicativos\/6o\/II\/1712.pdf' class='big-button bigblue' target=\"_blank\">\u00a0Estad\u00edstica y Probabilidad<\/a><\/p>\n<h4><strong>\u00c1rea lV<\/strong><\/h4>\n<p><a href='https:\/\/www.dgire.unam.mx\/contenido\/normatividad\/enp\/prog_indicativos\/6o\/IV\/1617.pdf' class='big-button bigblue' target=\"_blank\">Historia de la Cultura\u00a0<\/a><a href='https:\/\/www.dgire.unam.mx\/contenido\/normatividad\/enp\/prog_indicativos\/6o\/IV\/1618.pdf' class='big-button bigblue' target=\"_blank\">Historia de las Doctrinas Filos\u00f3ficas\u00a0<\/a><a href='https:\/\/www.dgire.unam.mx\/contenido\/normatividad\/enp\/prog_indicativos\/6o\/IV\/1615.pdf' class='big-button bigblue' target=\"_blank\">Int. al Estudio de las Ciencias Sociales y Econ\u00f3micas<\/a><a href='https:\/\/www.dgire.unam.mx\/contenido\/normatividad\/enp\/prog_indicativos\/6o\/IV\/1718.pdf' class='big-button bigblue' target=\"_blank\">Historia del Arte<\/a><a href='https:\/\/www.dgire.unam.mx\/contenido\/normatividad\/enp\/prog_indicativos\/6o\/IV\/1715.pdf' class='big-button bigblue' target=\"_blank\">Comunicaci\u00f3n Visual\u00a0<\/a><\/p>\n<p>[\/et_pb_tab][\/et_pb_tabs][\/et_pb_column][\/et_pb_row][\/et_pb_section]<\/p>\n","protected":false},"excerpt":{"rendered":"<p><a href='https:\/\/www.dgire.unam.mx\/contenido\/normatividad\/enp\/plan_estudios_enp\/1400.pdf' class='big-button bigblue' target=\"_blank\">Matem\u00e1ticas IV<\/a><a href='https:\/\/www.dgire.unam.mx\/contenido\/normatividad\/enp\/plan_estudios_enp\/1400.pdf' class='big-button bigblue' target=\"_blank\">F\u00edsica III<\/a><a href='https:\/\/www.dgire.unam.mx\/contenido\/normatividad\/enp\/plan_estudios_enp\/1402.pdf' class='big-button bigblue' target=\"_blank\">Lengua Espa\u00f1ola<\/a><a href='https:\/\/www.dgire.unam.mx\/contenido\/normatividad\/enp\/plan_estudios_enp\/1402.pdf' class='big-button bigblue' target=\"_blank\">Historia Universal<\/a><a href='https:\/\/www.dgire.unam.mx\/contenido\/normatividad\/enp\/plan_estudios_enp\/1404.pdf' class='big-button bigblue' target=\"_blank\">L\u00f3gica<\/a><a href='https:\/\/www.dgire.unam.mx\/contenido\/normatividad\/enp\/plan_estudios_enp\/1405.pdf' class='big-button bigblue' target=\"_blank\">Geograf\u00eda<\/a><a href='#' class='big-button bigblue' target=\"_blank\">Educaci\u00f3n Est\u00e9tica y Art\u00edstica IV<\/a><a href='https:\/\/www.dgire.unam.mx\/contenido\/normatividad\/enp\/plan_estudios_enp\/1410.pdf' class='big-button bigblue' target=\"_blank\">Educaci\u00f3n F\u00edsica IV<\/a><\/p>\n","protected":false},"author":1,"featured_media":0,"parent":0,"menu_order":0,"comment_status":"closed","ping_status":"closed","template":"","meta":{"_et_pb_use_builder":"on","_et_pb_old_content":"","_et_gb_content_width":""},"_links":{"self":[{"href":"https:\/\/udlondres.com\/servicios_udl\/preparatoria\/wp-json\/wp\/v2\/pages\/41"}],"collection":[{"href":"https:\/\/udlondres.com\/servicios_udl\/preparatoria\/wp-json\/wp\/v2\/pages"}],"about":[{"href":"https:\/\/udlondres.com\/servicios_udl\/preparatoria\/wp-json\/wp\/v2\/types\/page"}],"author":[{"embeddable":true,"href":"https:\/\/udlondres.com\/servicios_udl\/preparatoria\/wp-json\/wp\/v2\/users\/1"}],"replies":[{"embeddable":true,"href":"https:\/\/udlondres.com\/servicios_udl\/preparatoria\/wp-json\/wp\/v2\/comments?post=41"}],"version-history":[{"count":23,"href":"https:\/\/udlondres.com\/servicios_udl\/preparatoria\/wp-json\/wp\/v2\/pages\/41\/revisions"}],"predecessor-version":[{"id":3452,"href":"https:\/\/udlondres.com\/servicios_udl\/preparatoria\/wp-json\/wp\/v2\/pages\/41\/revisions\/3452"}],"wp:attachment":[{"href":"https:\/\/udlondres.com\/servicios_udl\/preparatoria\/wp-json\/wp\/v2\/media?parent=41"}],"curies":[{"name":"wp","href":"https:\/\/api.w.org\/{rel}","templated":true}]}}