{"id":30,"date":"2018-06-11T20:13:41","date_gmt":"2018-06-12T02:13:41","guid":{"rendered":"http:\/\/udlondres.com\/servicios_udl\/preparatoria\/?page_id=30"},"modified":"2025-08-27T12:57:59","modified_gmt":"2025-08-27T18:57:59","slug":"reglamentosyprotocolos","status":"publish","type":"page","link":"https:\/\/udlondres.com\/servicios_udl\/preparatoria\/reglamentosyprotocolos\/","title":{"rendered":"Reglamentos y protocolos"},"content":{"rendered":"<p>[et_pb_section fb_built=&#8221;1&#8243; fullwidth=&#8221;on&#8221; _builder_version=&#8221;4.16&#8243; global_colors_info=&#8221;{}&#8221;][et_pb_fullwidth_slider show_arrows=&#8221;off&#8221; show_pagination=&#8221;off&#8221; _builder_version=&#8221;4.21.0&#8243; global_colors_info=&#8221;{}&#8221; button_text_size__hover_enabled=&#8221;off&#8221; button_one_text_size__hover_enabled=&#8221;off&#8221; button_two_text_size__hover_enabled=&#8221;off&#8221; button_text_color__hover_enabled=&#8221;off&#8221; button_one_text_color__hover_enabled=&#8221;off&#8221; button_two_text_color__hover_enabled=&#8221;off&#8221; button_border_width__hover_enabled=&#8221;off&#8221; button_one_border_width__hover_enabled=&#8221;off&#8221; button_two_border_width__hover_enabled=&#8221;off&#8221; button_border_color__hover_enabled=&#8221;off&#8221; button_one_border_color__hover_enabled=&#8221;off&#8221; button_two_border_color__hover_enabled=&#8221;off&#8221; button_border_radius__hover_enabled=&#8221;off&#8221; button_one_border_radius__hover_enabled=&#8221;off&#8221; button_two_border_radius__hover_enabled=&#8221;off&#8221; button_letter_spacing__hover_enabled=&#8221;off&#8221; button_one_letter_spacing__hover_enabled=&#8221;off&#8221; button_two_letter_spacing__hover_enabled=&#8221;off&#8221; button_bg_color__hover_enabled=&#8221;off&#8221; button_one_bg_color__hover_enabled=&#8221;off&#8221; button_two_bg_color__hover_enabled=&#8221;off&#8221;][et_pb_slide heading=&#8221;Reglamentos y Protocolos&#8221; use_bg_overlay=&#8221;off&#8221; use_text_overlay=&#8221;off&#8221; _builder_version=&#8221;4.21.0&#8243; background_color=&#8221;#0a079e&#8221; background_image=&#8221;https:\/\/udlondres.com\/servicios_udl\/preparatoria\/wp-content\/uploads\/2018\/06\/prepafondo_figuras.png&#8221; button_on_hover=&#8221;on&#8221; global_colors_info=&#8221;{}&#8221; button_text_size__hover_enabled=&#8221;off&#8221; button_one_text_size__hover_enabled=&#8221;off&#8221; button_two_text_size__hover_enabled=&#8221;off&#8221; button_text_color__hover_enabled=&#8221;off&#8221; button_one_text_color__hover_enabled=&#8221;off&#8221; button_two_text_color__hover_enabled=&#8221;off&#8221; button_border_width__hover_enabled=&#8221;off&#8221; button_one_border_width__hover_enabled=&#8221;off&#8221; button_two_border_width__hover_enabled=&#8221;off&#8221; button_border_color__hover_enabled=&#8221;off&#8221; button_one_border_color__hover_enabled=&#8221;off&#8221; button_two_border_color__hover_enabled=&#8221;off&#8221; button_border_radius__hover_enabled=&#8221;off&#8221; button_one_border_radius__hover_enabled=&#8221;off&#8221; button_two_border_radius__hover_enabled=&#8221;off&#8221; button_letter_spacing__hover_enabled=&#8221;off&#8221; button_one_letter_spacing__hover_enabled=&#8221;off&#8221; button_two_letter_spacing__hover_enabled=&#8221;off&#8221; button_bg_color__hover_enabled=&#8221;off&#8221; button_one_bg_color__hover_enabled=&#8221;off&#8221; button_two_bg_color__hover_enabled=&#8221;off&#8221; sticky_transition=&#8221;on&#8221;][\/et_pb_slide][\/et_pb_fullwidth_slider][\/et_pb_section][et_pb_section fb_built=&#8221;1&#8243; _builder_version=&#8221;4.16&#8243; global_colors_info=&#8221;{}&#8221;][et_pb_row column_structure=&#8221;1_3,1_3,1_3&#8243; _builder_version=&#8221;4.16&#8243; background_size=&#8221;initial&#8221; background_position=&#8221;top_left&#8221; background_repeat=&#8221;repeat&#8221; global_colors_info=&#8221;{}&#8221;][et_pb_column type=&#8221;1_3&#8243; _builder_version=&#8221;4.16&#8243; custom_padding=&#8221;|||&#8221; global_colors_info=&#8221;{}&#8221; custom_padding__hover=&#8221;|||&#8221;][et_pb_gallery gallery_ids=&#8221;2354,2355,2356,2357,2358,2359,2360,2361,2362,2515,2516,2405,2406,2407,2408,2409,2410,2411,2412,2413,2414,2415&#8243; posts_number=&#8221;1&#8243; show_title_and_caption=&#8221;off&#8221; zoom_icon_color=&#8221;#2ea3f2&#8243; _builder_version=&#8221;4.16&#8243; global_colors_info=&#8221;{}&#8221;][\/et_pb_gallery][\/et_pb_column][et_pb_column type=&#8221;1_3&#8243; _builder_version=&#8221;4.16&#8243; custom_padding=&#8221;|||&#8221; global_colors_info=&#8221;{}&#8221; custom_padding__hover=&#8221;|||&#8221;][et_pb_text _builder_version=&#8221;4.21.0&#8243; global_colors_info=&#8221;{}&#8221;]<\/p>\n<p><a href=\"https:\/\/udlondres.com\/servicios_udl\/preparatoria\/wp-content\/uploads\/2024\/11\/Reglamento-Laboratorio-de-Ciencias.docx.pdf\">Reglamento del laboratorio de ciencias<\/a><\/p>\n<p><a href=\"https:\/\/udlondres.com\/servicios_udl\/preparatoria\/wp-content\/uploads\/2025\/08\/Reglamento-enfermeria.docx.pdf\">Reglamento de la enfermer\u00eda<\/a><\/p>\n<p><a href=\"https:\/\/udlondres.com\/servicios_udl\/preparatoria\/wp-content\/uploads\/2018\/06\/Reglamento-interno-Taller-de-Teatro.pdf\">Reglamento del taller de teatro<\/a><\/p>\n<p><a href=\"https:\/\/udlondres.com\/servicios_udl\/preparatoria\/wp-content\/uploads\/2018\/06\/Reglamento-gastronom\u00eda.pdf\">Reglamento del taller de<\/a><\/p>\n<p><a href=\"https:\/\/udlondres.com\/servicios_udl\/preparatoria\/wp-content\/uploads\/2018\/06\/Reglamento-gastronom\u00eda.pdf\"> gastronom\u00eda<\/a><\/p>\n<p><a href=\"https:\/\/udlondres.com\/servicios_udl\/preparatoria\/wp-content\/uploads\/2025\/08\/REGLAMENTO-BIBLIOTECA-UDL-SLP-agosto-2025.pdf\">Reglamento de la biblioteca<\/a><\/p>\n<p>&nbsp;<\/p>\n<p>[\/et_pb_text][\/et_pb_column][et_pb_column type=&#8221;1_3&#8243; _builder_version=&#8221;4.16&#8243; custom_padding=&#8221;|||&#8221; global_colors_info=&#8221;{}&#8221; custom_padding__hover=&#8221;|||&#8221;][et_pb_text _builder_version=&#8221;4.21.0&#8243; global_colors_info=&#8221;{}&#8221;]<\/p>\n<p><a href=\"https:\/\/udlondres.com\/servicios_udl\/preparatoria\/wp-content\/uploads\/2023\/05\/PROTOCOLO-PARA-PRESENTAR-EXA\u0301MENES-ELECTRO\u0301NICOS-MAYO-2023.pdf\">Protocolo para la presentaci\u00f3n de ex\u00e1menes electr\u00f3nicos<\/a><\/p>\n<p><a href=\"https:\/\/udlondres.com\/servicios_udl\/preparatoria\/wp-content\/uploads\/2025\/08\/PROTOCOLO-DE-SINIESTROS-2025.pdf\">Protocolo en caso de siniestros<\/a><\/p>\n<p><a href=\"https:\/\/udlondres.com\/servicios_udl\/preparatoria\/wp-content\/uploads\/2025\/08\/Protocolo-de-Monitoreo-Canino-y-Revision-Aleatoria-de-Mochilas-ALUMNOS-Y-PADRES.pdf\">Protocolo para revisi\u00f3n de mochilas y monitoreo canino<\/a><\/p>\n<p><a href=\"https:\/\/udlondres.com\/servicios_udl\/preparatoria\/wp-content\/uploads\/2025\/08\/Protocolo-para-alumnos-con-restriccion-temporal-de-actividad-fisica.pdf\" rel=\"attachment wp-att-3339\">Protocolo para alumnos con restricci\u00f3n temporal de actividad f\u00edsica<\/a><\/p>\n<p>&nbsp;<\/p>\n<p>[\/et_pb_text][\/et_pb_column][\/et_pb_row][\/et_pb_section]<\/p>\n","protected":false},"excerpt":{"rendered":"<p>Reglamento del laboratorio de ciencias Reglamento de la enfermer\u00eda Reglamento del taller de teatro Reglamento del taller de gastronom\u00eda Reglamento de la biblioteca &nbsp;Protocolo para la presentaci\u00f3n de ex\u00e1menes electr\u00f3nicos Protocolo en caso de siniestros Protocolo para revisi\u00f3n de mochilas y monitoreo canino Protocolo para alumnos con restricci\u00f3n temporal de actividad f\u00edsica &nbsp;<\/p>\n","protected":false},"author":1,"featured_media":0,"parent":0,"menu_order":0,"comment_status":"closed","ping_status":"closed","template":"","meta":{"_et_pb_use_builder":"on","_et_pb_old_content":"","_et_gb_content_width":""},"_links":{"self":[{"href":"https:\/\/udlondres.com\/servicios_udl\/preparatoria\/wp-json\/wp\/v2\/pages\/30"}],"collection":[{"href":"https:\/\/udlondres.com\/servicios_udl\/preparatoria\/wp-json\/wp\/v2\/pages"}],"about":[{"href":"https:\/\/udlondres.com\/servicios_udl\/preparatoria\/wp-json\/wp\/v2\/types\/page"}],"author":[{"embeddable":true,"href":"https:\/\/udlondres.com\/servicios_udl\/preparatoria\/wp-json\/wp\/v2\/users\/1"}],"replies":[{"embeddable":true,"href":"https:\/\/udlondres.com\/servicios_udl\/preparatoria\/wp-json\/wp\/v2\/comments?post=30"}],"version-history":[{"count":38,"href":"https:\/\/udlondres.com\/servicios_udl\/preparatoria\/wp-json\/wp\/v2\/pages\/30\/revisions"}],"predecessor-version":[{"id":3341,"href":"https:\/\/udlondres.com\/servicios_udl\/preparatoria\/wp-json\/wp\/v2\/pages\/30\/revisions\/3341"}],"wp:attachment":[{"href":"https:\/\/udlondres.com\/servicios_udl\/preparatoria\/wp-json\/wp\/v2\/media?parent=30"}],"curies":[{"name":"wp","href":"https:\/\/api.w.org\/{rel}","templated":true}]}}