{"id":1485,"date":"2020-03-23T22:43:42","date_gmt":"2020-03-24T04:43:42","guid":{"rendered":"http:\/\/udlondres.com\/servicios_udl\/preparatoria\/?page_id=1485"},"modified":"2025-08-28T15:57:42","modified_gmt":"2025-08-28T21:57:42","slug":"pagos","status":"publish","type":"page","link":"https:\/\/udlondres.com\/servicios_udl\/preparatoria\/pagos\/","title":{"rendered":"Pagos"},"content":{"rendered":"<p>[et_pb_section fb_built=&#8221;1&#8243; fullwidth=&#8221;on&#8221; _builder_version=&#8221;4.16&#8243; background_color=&#8221;#2e619b&#8221; background_image=&#8221;https:\/\/udlondres.com\/servicios_udl\/preparatoria\/wp-content\/uploads\/2018\/06\/prepafondo_figuras.png&#8221; global_colors_info=&#8221;{}&#8221;][et_pb_fullwidth_slider show_arrows=&#8221;off&#8221; show_pagination=&#8221;off&#8221; _builder_version=&#8221;4.16&#8243; global_colors_info=&#8221;{}&#8221; button_text_size__hover_enabled=&#8221;off&#8221; button_one_text_size__hover_enabled=&#8221;off&#8221; button_two_text_size__hover_enabled=&#8221;off&#8221; button_text_color__hover_enabled=&#8221;off&#8221; button_one_text_color__hover_enabled=&#8221;off&#8221; button_two_text_color__hover_enabled=&#8221;off&#8221; button_border_width__hover_enabled=&#8221;off&#8221; button_one_border_width__hover_enabled=&#8221;off&#8221; button_two_border_width__hover_enabled=&#8221;off&#8221; button_border_color__hover_enabled=&#8221;off&#8221; button_one_border_color__hover_enabled=&#8221;off&#8221; button_two_border_color__hover_enabled=&#8221;off&#8221; button_border_radius__hover_enabled=&#8221;off&#8221; button_one_border_radius__hover_enabled=&#8221;off&#8221; button_two_border_radius__hover_enabled=&#8221;off&#8221; button_letter_spacing__hover_enabled=&#8221;off&#8221; button_one_letter_spacing__hover_enabled=&#8221;off&#8221; button_two_letter_spacing__hover_enabled=&#8221;off&#8221; button_bg_color__hover_enabled=&#8221;off&#8221; button_one_bg_color__hover_enabled=&#8221;off&#8221; button_two_bg_color__hover_enabled=&#8221;off&#8221;][et_pb_slide heading=&#8221;Pagos&#8221; use_bg_overlay=&#8221;off&#8221; use_text_overlay=&#8221;off&#8221; _builder_version=&#8221;4.16&#8243; background_color=&#8221;#0a079e&#8221; background_image=&#8221;https:\/\/udlondres.com\/servicios_udl\/preparatoria\/wp-content\/uploads\/2018\/06\/prepafondo_figuras.png&#8221; button_on_hover=&#8221;on&#8221; global_colors_info=&#8221;{}&#8221; button_text_size__hover_enabled=&#8221;off&#8221; button_one_text_size__hover_enabled=&#8221;off&#8221; button_two_text_size__hover_enabled=&#8221;off&#8221; button_text_color__hover_enabled=&#8221;off&#8221; button_one_text_color__hover_enabled=&#8221;off&#8221; button_two_text_color__hover_enabled=&#8221;off&#8221; button_border_width__hover_enabled=&#8221;off&#8221; button_one_border_width__hover_enabled=&#8221;off&#8221; button_two_border_width__hover_enabled=&#8221;off&#8221; button_border_color__hover_enabled=&#8221;off&#8221; button_one_border_color__hover_enabled=&#8221;off&#8221; button_two_border_color__hover_enabled=&#8221;off&#8221; button_border_radius__hover_enabled=&#8221;off&#8221; button_one_border_radius__hover_enabled=&#8221;off&#8221; button_two_border_radius__hover_enabled=&#8221;off&#8221; button_letter_spacing__hover_enabled=&#8221;off&#8221; button_one_letter_spacing__hover_enabled=&#8221;off&#8221; button_two_letter_spacing__hover_enabled=&#8221;off&#8221; button_bg_color__hover_enabled=&#8221;off&#8221; button_one_bg_color__hover_enabled=&#8221;off&#8221; button_two_bg_color__hover_enabled=&#8221;off&#8221; sticky_transition=&#8221;on&#8221;][\/et_pb_slide][\/et_pb_fullwidth_slider][\/et_pb_section][et_pb_section fb_built=&#8221;1&#8243; _builder_version=&#8221;4.16&#8243; global_colors_info=&#8221;{}&#8221;][et_pb_row _builder_version=&#8221;4.16&#8243; background_size=&#8221;initial&#8221; background_position=&#8221;top_left&#8221; background_repeat=&#8221;repeat&#8221; global_colors_info=&#8221;{}&#8221;][et_pb_column type=&#8221;4_4&#8243; _builder_version=&#8221;4.16&#8243; custom_padding=&#8221;|||&#8221; global_colors_info=&#8221;{}&#8221; custom_padding__hover=&#8221;|||&#8221;][et_pb_tabs active_tab_background_color=&#8221;#25346c&#8221; inactive_tab_background_color=&#8221;#cd152b&#8221; _builder_version=&#8221;4.21.0&#8243; tab_text_color=&#8221;#ffffff&#8221; global_colors_info=&#8221;{}&#8221;][et_pb_tab title=&#8221;Gu\u00eda r\u00e1pida para pagos en l\u00ednea&#8221; _builder_version=&#8221;4.16&#8243; global_colors_info=&#8221;{}&#8221;]<\/p>\n<p style=\"text-align: center;\"><img decoding=\"async\" loading=\"lazy\" class=\"aligncenter size-full wp-image-2020\" src=\"https:\/\/udlondres.com\/servicios_udl\/preparatoria\/wp-content\/uploads\/2020\/07\/PAGO-EN-LINEA-CEL.jpg\" alt=\"\" width=\"1650\" height=\"3007\" srcset=\"https:\/\/udlondres.com\/servicios_udl\/preparatoria\/wp-content\/uploads\/2020\/07\/PAGO-EN-LINEA-CEL.jpg 1650w, https:\/\/udlondres.com\/servicios_udl\/preparatoria\/wp-content\/uploads\/2020\/07\/PAGO-EN-LINEA-CEL-165x300.jpg 165w, https:\/\/udlondres.com\/servicios_udl\/preparatoria\/wp-content\/uploads\/2020\/07\/PAGO-EN-LINEA-CEL-768x1400.jpg 768w, https:\/\/udlondres.com\/servicios_udl\/preparatoria\/wp-content\/uploads\/2020\/07\/PAGO-EN-LINEA-CEL-562x1024.jpg 562w, https:\/\/udlondres.com\/servicios_udl\/preparatoria\/wp-content\/uploads\/2020\/07\/PAGO-EN-LINEA-CEL-1080x1968.jpg 1080w\" sizes=\"(max-width: 1650px) 100vw, 1650px\" \/><\/p>\n<p>[\/et_pb_tab][et_pb_tab title=&#8221;Ingresa al portal de Pago Online&#8221; _builder_version=&#8221;4.16&#8243; global_colors_info=&#8221;{}&#8221;] <a href='https:\/\/201.168.154.186\/pages\/servicios\/index.aspx' class='big-button bigred' target=\"_blank\">Ingresa al portal de pagos online<\/a> [\/et_pb_tab][et_pb_tab title=&#8221;Facturaci\u00f3n&#8221; _builder_version=&#8221;4.16&#8243; global_colors_info=&#8221;{}&#8221;] <a href='https:\/\/udl.edu.mx\/pages\/facturas\/' class='big-button bigblue' target=\"_blank\">Facturaci\u00f3n electr\u00f3nica<\/a> [\/et_pb_tab][et_pb_tab title=&#8221;Calendario de pagos&#8221; _builder_version=&#8221;4.21.0&#8243; global_colors_info=&#8221;{}&#8221;]<\/p>\n<p>&nbsp;<\/p>\n<p style=\"text-align: center;\"><a href=\"https:\/\/udlondres.com\/servicios_udl\/preparatoria\/wp-content\/uploads\/2025\/08\/CALENDARIO-DE-PAGO-PREPA-CICLO-25-26.pdf\" rel=\"attachment wp-att-3309\">CALENDARIO DE PAGO PREPA CICLO 25-26<\/a><\/p>\n<p>[\/et_pb_tab][\/et_pb_tabs][\/et_pb_column][\/et_pb_row][\/et_pb_section]<\/p>\n","protected":false},"excerpt":{"rendered":"<p><a href='https:\/\/201.168.154.186\/pages\/servicios\/index.aspx' class='big-button bigred' target=\"_blank\">Ingresa al portal de pagos online<\/a> <a href='https:\/\/udl.edu.mx\/pages\/facturas\/' class='big-button bigblue' target=\"_blank\">Facturaci\u00f3n electr\u00f3nica<\/a> &nbsp; CALENDARIO DE PAGO PREPA CICLO 25-26<\/p>\n","protected":false},"author":2,"featured_media":0,"parent":0,"menu_order":0,"comment_status":"closed","ping_status":"closed","template":"","meta":{"_et_pb_use_builder":"on","_et_pb_old_content":"","_et_gb_content_width":""},"_links":{"self":[{"href":"https:\/\/udlondres.com\/servicios_udl\/preparatoria\/wp-json\/wp\/v2\/pages\/1485"}],"collection":[{"href":"https:\/\/udlondres.com\/servicios_udl\/preparatoria\/wp-json\/wp\/v2\/pages"}],"about":[{"href":"https:\/\/udlondres.com\/servicios_udl\/preparatoria\/wp-json\/wp\/v2\/types\/page"}],"author":[{"embeddable":true,"href":"https:\/\/udlondres.com\/servicios_udl\/preparatoria\/wp-json\/wp\/v2\/users\/2"}],"replies":[{"embeddable":true,"href":"https:\/\/udlondres.com\/servicios_udl\/preparatoria\/wp-json\/wp\/v2\/comments?post=1485"}],"version-history":[{"count":16,"href":"https:\/\/udlondres.com\/servicios_udl\/preparatoria\/wp-json\/wp\/v2\/pages\/1485\/revisions"}],"predecessor-version":[{"id":3348,"href":"https:\/\/udlondres.com\/servicios_udl\/preparatoria\/wp-json\/wp\/v2\/pages\/1485\/revisions\/3348"}],"wp:attachment":[{"href":"https:\/\/udlondres.com\/servicios_udl\/preparatoria\/wp-json\/wp\/v2\/media?parent=1485"}],"curies":[{"name":"wp","href":"https:\/\/api.w.org\/{rel}","templated":true}]}}